{"id":973,"date":"2023-09-14T11:49:27","date_gmt":"2023-09-14T14:49:27","guid":{"rendered":"https:\/\/ateliemoldexato.com.br\/?post_type=product&#038;p=973"},"modified":"2023-10-08T09:29:10","modified_gmt":"2023-10-08T12:29:10","slug":"macacao-pantacurt-adulto-manga-japoneza","status":"publish","type":"product","link":"https:\/\/ateliemoldexato.com.br\/?product=macacao-pantacurt-adulto-manga-japoneza","title":{"rendered":"Macac\u00e3o Pantacurt Adulto Manga Japoneza"},"content":{"rendered":"<p><strong>Molde de macac\u00e3o pantacurt adulto manga japoneza, pala no decote, el\u00e1stico na cintura e bainha dobrada.<\/strong><\/p>\n<p><strong>Tecido: 1,60m viscose, viscolinho,algod\u00e3o leve ou poli\u00e9ster leve.<\/strong><\/p>\n<p><strong>Aviamentos: 80cm de el\u00e1stico de 4cm de largura.<\/strong><\/p>\n<p>&nbsp;<\/p>\n","protected":false},"excerpt":{"rendered":"<p><strong>Molde de macac\u00e3o pantacurt adulto manga japoneza, pala no decote, el\u00e1stico na cintura e bainha dobrada.<\/strong><\/p>\n<p><strong>Tecido: 1,60m viscose, viscolinho,algod\u00e3o leve ou poli\u00e9ster leve.<\/strong><\/p>\n<p><strong>Aviamentos: 80cm de el\u00e1stico de 4cm de largura.<\/strong><\/p>\n","protected":false},"featured_media":1121,"comment_status":"open","ping_status":"closed","template":"","meta":[],"product_cat":[19,32],"product_tag":[],"_links":{"self":[{"href":"https:\/\/ateliemoldexato.com.br\/index.php?rest_route=\/wp\/v2\/product\/973"}],"collection":[{"href":"https:\/\/ateliemoldexato.com.br\/index.php?rest_route=\/wp\/v2\/product"}],"about":[{"href":"https:\/\/ateliemoldexato.com.br\/index.php?rest_route=\/wp\/v2\/types\/product"}],"replies":[{"embeddable":true,"href":"https:\/\/ateliemoldexato.com.br\/index.php?rest_route=%2Fwp%2Fv2%2Fcomments&post=973"}],"wp:featuredmedia":[{"embeddable":true,"href":"https:\/\/ateliemoldexato.com.br\/index.php?rest_route=\/wp\/v2\/media\/1121"}],"wp:attachment":[{"href":"https:\/\/ateliemoldexato.com.br\/index.php?rest_route=%2Fwp%2Fv2%2Fmedia&parent=973"}],"wp:term":[{"taxonomy":"product_cat","embeddable":true,"href":"https:\/\/ateliemoldexato.com.br\/index.php?rest_route=%2Fwp%2Fv2%2Fproduct_cat&post=973"},{"taxonomy":"product_tag","embeddable":true,"href":"https:\/\/ateliemoldexato.com.br\/index.php?rest_route=%2Fwp%2Fv2%2Fproduct_tag&post=973"}],"curies":[{"name":"wp","href":"https:\/\/api.w.org\/{rel}","templated":true}]}}