{"id":941,"date":"2023-09-14T11:33:33","date_gmt":"2023-09-14T14:33:33","guid":{"rendered":"https:\/\/ateliemoldexato.com.br\/?post_type=product&#038;p=941"},"modified":"2023-10-08T09:30:13","modified_gmt":"2023-10-08T12:30:13","slug":"saia-longuete-adulto","status":"publish","type":"product","link":"https:\/\/ateliemoldexato.com.br\/?product=saia-longuete-adulto","title":{"rendered":"Saia Longuete Adulto"},"content":{"rendered":"<p><strong>Molde saia longuete adulto feminina,c\u00f3s, evas\u00ea m\u00e9dio e z\u00edper nas costas.<\/strong><\/p>\n<p><strong>Tecido: 1,50m viscose, viscolinho,algod\u00e3o leve ou poli\u00e9ster leve.<\/strong><\/p>\n<p><strong>Aviamentos: 1 z\u00edper de 25cm \/ 20cm de entretela adesiva para o c\u00f3s.<\/strong><\/p>\n<p>&nbsp;<\/p>\n","protected":false},"excerpt":{"rendered":"<p><strong>Molde saia longuete adulto feminina,c\u00f3s, evas\u00ea m\u00e9dio e z\u00edper nas costas.<\/strong><\/p>\n<p><strong>Tecido: 1,50m viscose, viscolinho,algod\u00e3o leve ou poli\u00e9ster leve.<\/strong><\/p>\n<p><strong>Aviamentos: 1 z\u00edper de 25cm \/ 20cm de entretela adesiva para o c\u00f3s.<\/strong><\/p>\n","protected":false},"featured_media":1116,"comment_status":"open","ping_status":"closed","template":"","meta":[],"product_cat":[19,30],"product_tag":[],"_links":{"self":[{"href":"https:\/\/ateliemoldexato.com.br\/index.php?rest_route=\/wp\/v2\/product\/941"}],"collection":[{"href":"https:\/\/ateliemoldexato.com.br\/index.php?rest_route=\/wp\/v2\/product"}],"about":[{"href":"https:\/\/ateliemoldexato.com.br\/index.php?rest_route=\/wp\/v2\/types\/product"}],"replies":[{"embeddable":true,"href":"https:\/\/ateliemoldexato.com.br\/index.php?rest_route=%2Fwp%2Fv2%2Fcomments&post=941"}],"wp:featuredmedia":[{"embeddable":true,"href":"https:\/\/ateliemoldexato.com.br\/index.php?rest_route=\/wp\/v2\/media\/1116"}],"wp:attachment":[{"href":"https:\/\/ateliemoldexato.com.br\/index.php?rest_route=%2Fwp%2Fv2%2Fmedia&parent=941"}],"wp:term":[{"taxonomy":"product_cat","embeddable":true,"href":"https:\/\/ateliemoldexato.com.br\/index.php?rest_route=%2Fwp%2Fv2%2Fproduct_cat&post=941"},{"taxonomy":"product_tag","embeddable":true,"href":"https:\/\/ateliemoldexato.com.br\/index.php?rest_route=%2Fwp%2Fv2%2Fproduct_tag&post=941"}],"curies":[{"name":"wp","href":"https:\/\/api.w.org\/{rel}","templated":true}]}}