{"id":909,"date":"2023-09-14T11:16:38","date_gmt":"2023-09-14T14:16:38","guid":{"rendered":"https:\/\/ateliemoldexato.com.br\/?post_type=product&#038;p=909"},"modified":"2023-10-08T09:30:48","modified_gmt":"2023-10-08T12:30:48","slug":"macacao-adulto-feminino-pantacurt","status":"publish","type":"product","link":"https:\/\/ateliemoldexato.com.br\/?product=macacao-adulto-feminino-pantacurt","title":{"rendered":"Macac\u00e3o Adulto Feminino Pantacurt"},"content":{"rendered":"<p><strong>Molde macac\u00e3o adulto feminino pantacurt, al\u00e7a larga fixa, la\u00e7o bojo e ziper costas.<\/strong><\/p>\n<p><strong>Tecido: 1,50m viscose, viscolinho,algod\u00e3o leve ou poli\u00e9ster leve.<\/strong><\/p>\n<p><strong>Aviamentos: 1 z\u00edper de 40cm.<\/strong><\/p>\n<p><a href=\"https:\/\/www.instagram.com\/p\/CxEO0JBuszw\/?igshid=MzRlODBiNWFlZA==\" target=\"_blank\" rel=\"noopener\"><strong>Veja a pe\u00e7a real aqui.<\/strong><\/a><\/p>\n<p>&nbsp;<\/p>\n","protected":false},"excerpt":{"rendered":"<p><strong>Molde macac\u00e3o adulto feminino pantacurt, al\u00e7a larga fixa, la\u00e7o bojo e ziper costas.<\/strong><\/p>\n<p><strong>Tecido: 1,50m viscose, viscolinho,algod\u00e3o leve ou poli\u00e9ster leve.<\/strong><\/p>\n<p><strong>Aviamentos: 1 z\u00edper de 40cm.<\/strong><\/p>\n","protected":false},"featured_media":1110,"comment_status":"open","ping_status":"closed","template":"","meta":[],"product_cat":[19,32],"product_tag":[],"_links":{"self":[{"href":"https:\/\/ateliemoldexato.com.br\/index.php?rest_route=\/wp\/v2\/product\/909"}],"collection":[{"href":"https:\/\/ateliemoldexato.com.br\/index.php?rest_route=\/wp\/v2\/product"}],"about":[{"href":"https:\/\/ateliemoldexato.com.br\/index.php?rest_route=\/wp\/v2\/types\/product"}],"replies":[{"embeddable":true,"href":"https:\/\/ateliemoldexato.com.br\/index.php?rest_route=%2Fwp%2Fv2%2Fcomments&post=909"}],"wp:featuredmedia":[{"embeddable":true,"href":"https:\/\/ateliemoldexato.com.br\/index.php?rest_route=\/wp\/v2\/media\/1110"}],"wp:attachment":[{"href":"https:\/\/ateliemoldexato.com.br\/index.php?rest_route=%2Fwp%2Fv2%2Fmedia&parent=909"}],"wp:term":[{"taxonomy":"product_cat","embeddable":true,"href":"https:\/\/ateliemoldexato.com.br\/index.php?rest_route=%2Fwp%2Fv2%2Fproduct_cat&post=909"},{"taxonomy":"product_tag","embeddable":true,"href":"https:\/\/ateliemoldexato.com.br\/index.php?rest_route=%2Fwp%2Fv2%2Fproduct_tag&post=909"}],"curies":[{"name":"wp","href":"https:\/\/api.w.org\/{rel}","templated":true}]}}