{"id":1599,"date":"2023-10-18T19:12:16","date_gmt":"2023-10-18T22:12:16","guid":{"rendered":"https:\/\/ateliemoldexato.com.br\/?post_type=product&#038;p=1599"},"modified":"2023-10-18T19:15:44","modified_gmt":"2023-10-18T22:15:44","slug":"macacao-perna-pantalona","status":"publish","type":"product","link":"https:\/\/ateliemoldexato.com.br\/?product=macacao-perna-pantalona","title":{"rendered":"Macac\u00e3o Perna Pantalona"},"content":{"rendered":"<p><strong>Molde de macac\u00e3o adulto perna pantalona, pala falsa de bot\u00e3o frente e z\u00edper nas costas. Cinto com fivela opcional.<\/strong><\/p>\n<p><strong>Tecido: 1,80m viscose, viscolinho, algod\u00e3o leve ou poli\u00e9ster leve.<\/strong><\/p>\n<p><strong>Aviamentos: 6 bot\u00f5es n\u00ba 22 \/ 1 z\u00edper de 35cm \/ 1 fivela de cinto de 4cm (opcional).<\/strong><\/p>\n<p><a href=\"https:\/\/www.instagram.com\/p\/CyS02-6uh9_\/?igshid=MzRlODBiNWFlZA%3D%3D\" target=\"_blank\" rel=\"noopener\"><strong>Veja a pe\u00e7a real aqui.<\/strong><\/a><\/p>\n","protected":false},"excerpt":{"rendered":"<p><strong>Molde de macac\u00e3o adulto perna pantalona, pala falsa de bot\u00e3o frente e z\u00edper nas costas. Cinto com fivela opcional.<\/strong><\/p>\n<p><strong>Tecido: 1,80m viscose, viscolinho, algod\u00e3o leve ou poli\u00e9ster leve.<\/strong><\/p>\n<p><strong>Aviamentos: 6 bot\u00f5es n\u00ba 22 \/ 1 z\u00edper de 35cm \/ 1 fivela de cinto de 4cm (opcional).<\/strong><\/p>\n","protected":false},"featured_media":1593,"comment_status":"open","ping_status":"closed","template":"","meta":[],"product_cat":[19,32],"product_tag":[],"_links":{"self":[{"href":"https:\/\/ateliemoldexato.com.br\/index.php?rest_route=\/wp\/v2\/product\/1599"}],"collection":[{"href":"https:\/\/ateliemoldexato.com.br\/index.php?rest_route=\/wp\/v2\/product"}],"about":[{"href":"https:\/\/ateliemoldexato.com.br\/index.php?rest_route=\/wp\/v2\/types\/product"}],"replies":[{"embeddable":true,"href":"https:\/\/ateliemoldexato.com.br\/index.php?rest_route=%2Fwp%2Fv2%2Fcomments&post=1599"}],"wp:featuredmedia":[{"embeddable":true,"href":"https:\/\/ateliemoldexato.com.br\/index.php?rest_route=\/wp\/v2\/media\/1593"}],"wp:attachment":[{"href":"https:\/\/ateliemoldexato.com.br\/index.php?rest_route=%2Fwp%2Fv2%2Fmedia&parent=1599"}],"wp:term":[{"taxonomy":"product_cat","embeddable":true,"href":"https:\/\/ateliemoldexato.com.br\/index.php?rest_route=%2Fwp%2Fv2%2Fproduct_cat&post=1599"},{"taxonomy":"product_tag","embeddable":true,"href":"https:\/\/ateliemoldexato.com.br\/index.php?rest_route=%2Fwp%2Fv2%2Fproduct_tag&post=1599"}],"curies":[{"name":"wp","href":"https:\/\/api.w.org\/{rel}","templated":true}]}}