{"id":1510,"date":"2023-10-15T10:49:28","date_gmt":"2023-10-15T13:49:28","guid":{"rendered":"https:\/\/ateliemoldexato.com.br\/?post_type=product&#038;p=1510"},"modified":"2023-10-15T10:52:46","modified_gmt":"2023-10-15T13:52:46","slug":"vestido-midi-adulto-evase","status":"publish","type":"product","link":"https:\/\/ateliemoldexato.com.br\/?product=vestido-midi-adulto-evase","title":{"rendered":"Vestido Midi Adulto Evas\u00ea"},"content":{"rendered":"<p><strong>Molde de vestido midi adulto evas\u00ea com recortes em nesgas frente e costas, bolsos laterais. Abertura com bot\u00f5es.<\/strong><\/p>\n<p><strong>Tecido: 1,80m viscose, viscolinho, algod\u00e3o leve ou poli\u00e9ster leve.<\/strong><\/p>\n<p><strong>Aviamentos: 8 bot\u00f5es n\u00ba 22 \/ 1 par de regulador largo de al\u00e7a (opcional).<\/strong><\/p>\n<p><a href=\"https:\/\/www.instagram.com\/p\/CyS0eQZukfa\/?igshid=MzRlODBiNWFlZA%3D%3D\" target=\"_blank\" rel=\"noopener\"><strong>Veja a pe\u00e7a real aqui.<\/strong><\/a><\/p>\n","protected":false},"excerpt":{"rendered":"<p><strong>Molde de vestido midi adulto evas\u00ea com recortes em nesgas frente e costas, bolsos laterais. Abertura com bot\u00f5es.<\/strong><\/p>\n<p><strong>Tecido: 1,80m viscose, viscolinho, algod\u00e3o leve ou poli\u00e9ster leve.<\/strong><\/p>\n<p><strong>Aviamentos: 8 bot\u00f5es n\u00ba 22 \/ 1 par de regulador largo de al\u00e7a (opcional).<\/strong><\/p>\n","protected":false},"featured_media":1509,"comment_status":"open","ping_status":"closed","template":"","meta":[],"product_cat":[19,29],"product_tag":[],"_links":{"self":[{"href":"https:\/\/ateliemoldexato.com.br\/index.php?rest_route=\/wp\/v2\/product\/1510"}],"collection":[{"href":"https:\/\/ateliemoldexato.com.br\/index.php?rest_route=\/wp\/v2\/product"}],"about":[{"href":"https:\/\/ateliemoldexato.com.br\/index.php?rest_route=\/wp\/v2\/types\/product"}],"replies":[{"embeddable":true,"href":"https:\/\/ateliemoldexato.com.br\/index.php?rest_route=%2Fwp%2Fv2%2Fcomments&post=1510"}],"wp:featuredmedia":[{"embeddable":true,"href":"https:\/\/ateliemoldexato.com.br\/index.php?rest_route=\/wp\/v2\/media\/1509"}],"wp:attachment":[{"href":"https:\/\/ateliemoldexato.com.br\/index.php?rest_route=%2Fwp%2Fv2%2Fmedia&parent=1510"}],"wp:term":[{"taxonomy":"product_cat","embeddable":true,"href":"https:\/\/ateliemoldexato.com.br\/index.php?rest_route=%2Fwp%2Fv2%2Fproduct_cat&post=1510"},{"taxonomy":"product_tag","embeddable":true,"href":"https:\/\/ateliemoldexato.com.br\/index.php?rest_route=%2Fwp%2Fv2%2Fproduct_tag&post=1510"}],"curies":[{"name":"wp","href":"https:\/\/api.w.org\/{rel}","templated":true}]}}