{"id":1487,"date":"2023-10-15T10:36:27","date_gmt":"2023-10-15T13:36:27","guid":{"rendered":"https:\/\/ateliemoldexato.com.br\/?post_type=product&#038;p=1487"},"modified":"2023-10-15T10:40:27","modified_gmt":"2023-10-15T13:40:27","slug":"macaquinho-adulto-perna-ajustada","status":"publish","type":"product","link":"https:\/\/ateliemoldexato.com.br\/?product=macaquinho-adulto-perna-ajustada","title":{"rendered":"Macaquinho Adulto Perna Ajustada"},"content":{"rendered":"<p><strong>Molde de macac\u00e3o adulto perna ajustada, faixa no busto, el\u00e1stico nas mangas, costas e pernas.Tecido: 1,50m viscose, viscolinho, algod\u00e3o leve ou poli\u00e9ster leve.<\/strong><\/p>\n<p><strong>Tecido: 1,80m viscose, viscolinho, algod\u00e3o leve ou poli\u00e9ster leve.<\/strong><\/p>\n<p><strong>Aviamentos: 1,50m el\u00e1stico de 1cm \/ 1 bot\u00e3o n\u00ba 22.<\/strong><\/p>\n<p><a href=\"https:\/\/www.instagram.com\/p\/CyS0ERgugqZ\/?igshid=MzRlODBiNWFlZA%3D%3D\" target=\"_blank\" rel=\"noopener\"><strong>Veja a pe\u00e7a real aqui.<\/strong><\/a><\/p>\n","protected":false},"excerpt":{"rendered":"<p><strong>Molde de macac\u00e3o adulto perna ajustada, faixa no busto, el\u00e1stico nas mangas, costas e pernas.Tecido: 1,50m viscose, viscolinho, algod\u00e3o leve ou poli\u00e9ster leve.<\/strong><\/p>\n<p><strong>Tecido: 1,80m viscose, viscolinho, algod\u00e3o leve ou poli\u00e9ster leve.<\/strong><\/p>\n<p><strong>Aviamentos: 1,50m el\u00e1stico de 1cm \/ 1 bot\u00e3o n\u00ba 22.<\/strong><\/p>\n","protected":false},"featured_media":1486,"comment_status":"open","ping_status":"closed","template":"","meta":[],"product_cat":[19,32],"product_tag":[],"_links":{"self":[{"href":"https:\/\/ateliemoldexato.com.br\/index.php?rest_route=\/wp\/v2\/product\/1487"}],"collection":[{"href":"https:\/\/ateliemoldexato.com.br\/index.php?rest_route=\/wp\/v2\/product"}],"about":[{"href":"https:\/\/ateliemoldexato.com.br\/index.php?rest_route=\/wp\/v2\/types\/product"}],"replies":[{"embeddable":true,"href":"https:\/\/ateliemoldexato.com.br\/index.php?rest_route=%2Fwp%2Fv2%2Fcomments&post=1487"}],"wp:featuredmedia":[{"embeddable":true,"href":"https:\/\/ateliemoldexato.com.br\/index.php?rest_route=\/wp\/v2\/media\/1486"}],"wp:attachment":[{"href":"https:\/\/ateliemoldexato.com.br\/index.php?rest_route=%2Fwp%2Fv2%2Fmedia&parent=1487"}],"wp:term":[{"taxonomy":"product_cat","embeddable":true,"href":"https:\/\/ateliemoldexato.com.br\/index.php?rest_route=%2Fwp%2Fv2%2Fproduct_cat&post=1487"},{"taxonomy":"product_tag","embeddable":true,"href":"https:\/\/ateliemoldexato.com.br\/index.php?rest_route=%2Fwp%2Fv2%2Fproduct_tag&post=1487"}],"curies":[{"name":"wp","href":"https:\/\/api.w.org\/{rel}","templated":true}]}}