{"id":1476,"date":"2023-10-15T10:25:44","date_gmt":"2023-10-15T13:25:44","guid":{"rendered":"https:\/\/ateliemoldexato.com.br\/?post_type=product&#038;p=1476"},"modified":"2023-10-15T10:32:47","modified_gmt":"2023-10-15T13:32:47","slug":"macaquinho-adulto-gola-padre","status":"publish","type":"product","link":"https:\/\/ateliemoldexato.com.br\/?product=macaquinho-adulto-gola-padre","title":{"rendered":"Macaquinho Adulto Gola Padre"},"content":{"rendered":"<p><strong>Molde de macaquinho adulto gola padre, abertura com bot\u00f5es e el\u00e1stico na cintura.Tecido: 1,50m viscose, viscolinho, algod\u00e3o leve ou poli\u00e9ster leve.<\/strong><\/p>\n<p><strong>Tecido: 1,50m viscose, viscolinho, algod\u00e3o leve ou poli\u00e9ster leve.<\/strong><\/p>\n<p><strong>Aviamentos: 8 bot\u00f5es n\u00ba 28 \/ 80cm de el\u00e1stico de 4cm de largura.<\/strong><\/p>\n<p><a href=\"https:\/\/www.instagram.com\/p\/CyO8peduCja\/?igshid=MzRlODBiNWFlZA%3D%3D\" target=\"_blank\" rel=\"noopener\"><strong>Veja a pe\u00e7a real aqui.<\/strong><\/a><\/p>\n","protected":false},"excerpt":{"rendered":"<p><strong>Molde de macaquinho adulto gola padre, abertura com bot\u00f5es e el\u00e1stico na cintura.Tecido: 1,50m viscose, viscolinho, algod\u00e3o leve ou poli\u00e9ster leve.<\/strong><\/p>\n<p><strong>Tecido: 1,50m viscose, viscolinho, algod\u00e3o leve ou poli\u00e9ster leve.<\/strong><\/p>\n<p><strong>Aviamentos: 8 bot\u00f5es n\u00ba 28 \/ 80cm de el\u00e1stico de 4cm de largura.<\/strong><\/p>\n","protected":false},"featured_media":1475,"comment_status":"open","ping_status":"closed","template":"","meta":[],"product_cat":[19,32],"product_tag":[],"_links":{"self":[{"href":"https:\/\/ateliemoldexato.com.br\/index.php?rest_route=\/wp\/v2\/product\/1476"}],"collection":[{"href":"https:\/\/ateliemoldexato.com.br\/index.php?rest_route=\/wp\/v2\/product"}],"about":[{"href":"https:\/\/ateliemoldexato.com.br\/index.php?rest_route=\/wp\/v2\/types\/product"}],"replies":[{"embeddable":true,"href":"https:\/\/ateliemoldexato.com.br\/index.php?rest_route=%2Fwp%2Fv2%2Fcomments&post=1476"}],"wp:featuredmedia":[{"embeddable":true,"href":"https:\/\/ateliemoldexato.com.br\/index.php?rest_route=\/wp\/v2\/media\/1475"}],"wp:attachment":[{"href":"https:\/\/ateliemoldexato.com.br\/index.php?rest_route=%2Fwp%2Fv2%2Fmedia&parent=1476"}],"wp:term":[{"taxonomy":"product_cat","embeddable":true,"href":"https:\/\/ateliemoldexato.com.br\/index.php?rest_route=%2Fwp%2Fv2%2Fproduct_cat&post=1476"},{"taxonomy":"product_tag","embeddable":true,"href":"https:\/\/ateliemoldexato.com.br\/index.php?rest_route=%2Fwp%2Fv2%2Fproduct_tag&post=1476"}],"curies":[{"name":"wp","href":"https:\/\/api.w.org\/{rel}","templated":true}]}}