{"id":1387,"date":"2023-09-22T19:55:44","date_gmt":"2023-09-22T22:55:44","guid":{"rendered":"https:\/\/ateliemoldexato.com.br\/?post_type=product&#038;p=1387"},"modified":"2023-10-08T09:16:54","modified_gmt":"2023-10-08T12:16:54","slug":"calca-pantalona-bolso-faca","status":"publish","type":"product","link":"https:\/\/ateliemoldexato.com.br\/?product=calca-pantalona-bolso-faca","title":{"rendered":"Cal\u00e7a Pantalona Bolso Faca"},"content":{"rendered":"<p><strong>Molde de cal\u00e7a b\u00e1sica pantalona com bolso faca na frente e el\u00e1stico na cintura.<\/strong><\/p>\n<p><strong>Tecido: 1 metro de moletinho com elastano.<\/strong><\/p>\n<p><strong>Aviamentos : 85 cm el\u00e1stico de 4cm de largura.<\/strong><\/p>\n","protected":false},"excerpt":{"rendered":"<p><strong>Molde de cal\u00e7a b\u00e1sica pantalona com bolso faca na frente e el\u00e1stico na cintura.<\/strong><\/p>\n<p><strong>Tecido: 1 metro de moletinho com elastano.<\/strong><\/p>\n<p><strong>Aviamentos : 85 cm el\u00e1stico de 4cm de largura.<\/strong><\/p>\n","protected":false},"featured_media":1383,"comment_status":"open","ping_status":"closed","template":"","meta":[],"product_cat":[52,19],"product_tag":[],"_links":{"self":[{"href":"https:\/\/ateliemoldexato.com.br\/index.php?rest_route=\/wp\/v2\/product\/1387"}],"collection":[{"href":"https:\/\/ateliemoldexato.com.br\/index.php?rest_route=\/wp\/v2\/product"}],"about":[{"href":"https:\/\/ateliemoldexato.com.br\/index.php?rest_route=\/wp\/v2\/types\/product"}],"replies":[{"embeddable":true,"href":"https:\/\/ateliemoldexato.com.br\/index.php?rest_route=%2Fwp%2Fv2%2Fcomments&post=1387"}],"wp:featuredmedia":[{"embeddable":true,"href":"https:\/\/ateliemoldexato.com.br\/index.php?rest_route=\/wp\/v2\/media\/1383"}],"wp:attachment":[{"href":"https:\/\/ateliemoldexato.com.br\/index.php?rest_route=%2Fwp%2Fv2%2Fmedia&parent=1387"}],"wp:term":[{"taxonomy":"product_cat","embeddable":true,"href":"https:\/\/ateliemoldexato.com.br\/index.php?rest_route=%2Fwp%2Fv2%2Fproduct_cat&post=1387"},{"taxonomy":"product_tag","embeddable":true,"href":"https:\/\/ateliemoldexato.com.br\/index.php?rest_route=%2Fwp%2Fv2%2Fproduct_tag&post=1387"}],"curies":[{"name":"wp","href":"https:\/\/api.w.org\/{rel}","templated":true}]}}