{"id":1322,"date":"2023-09-22T19:13:14","date_gmt":"2023-09-22T22:13:14","guid":{"rendered":"https:\/\/ateliemoldexato.com.br\/?post_type=product&#038;p=1322"},"modified":"2023-10-08T09:21:16","modified_gmt":"2023-10-08T12:21:16","slug":"blusa-manga-gode","status":"publish","type":"product","link":"https:\/\/ateliemoldexato.com.br\/?product=blusa-manga-gode","title":{"rendered":"Blusa Manga God\u00ea"},"content":{"rendered":"<p><strong>Molde de blusa adulto manga god\u00ea e c\u00f3s de last\u00e9x.<\/strong><\/p>\n<p><strong>Tecido: 1 metro de viscose, algod\u00e3o leve ou poli\u00e9ster leve. <\/strong><\/p>\n<p><strong>Aviamentos: 6 metros de last\u00e9x.<\/strong><\/p>\n<p><a href=\"https:\/\/www.instagram.com\/p\/CxL9UtJuY5J\/?igshid=MzRlODBiNWFlZA==\" target=\"_blank\" rel=\"noopener\"><strong>Veja a pe\u00e7a real aqui.<\/strong><\/a><\/p>\n","protected":false},"excerpt":{"rendered":"<p><strong>Molde de blusa adulto manga god\u00ea e c\u00f3s de last\u00e9x.<\/strong><\/p>\n<p><strong>Tecido: 1 metro de viscose, algod\u00e3o leve ou poli\u00e9ster leve. <\/strong><\/p>\n<p><strong>Aviamentos: 6 metros de last\u00e9x.<\/strong><\/p>\n","protected":false},"featured_media":1328,"comment_status":"open","ping_status":"closed","template":"","meta":[],"product_cat":[31,19],"product_tag":[],"_links":{"self":[{"href":"https:\/\/ateliemoldexato.com.br\/index.php?rest_route=\/wp\/v2\/product\/1322"}],"collection":[{"href":"https:\/\/ateliemoldexato.com.br\/index.php?rest_route=\/wp\/v2\/product"}],"about":[{"href":"https:\/\/ateliemoldexato.com.br\/index.php?rest_route=\/wp\/v2\/types\/product"}],"replies":[{"embeddable":true,"href":"https:\/\/ateliemoldexato.com.br\/index.php?rest_route=%2Fwp%2Fv2%2Fcomments&post=1322"}],"wp:featuredmedia":[{"embeddable":true,"href":"https:\/\/ateliemoldexato.com.br\/index.php?rest_route=\/wp\/v2\/media\/1328"}],"wp:attachment":[{"href":"https:\/\/ateliemoldexato.com.br\/index.php?rest_route=%2Fwp%2Fv2%2Fmedia&parent=1322"}],"wp:term":[{"taxonomy":"product_cat","embeddable":true,"href":"https:\/\/ateliemoldexato.com.br\/index.php?rest_route=%2Fwp%2Fv2%2Fproduct_cat&post=1322"},{"taxonomy":"product_tag","embeddable":true,"href":"https:\/\/ateliemoldexato.com.br\/index.php?rest_route=%2Fwp%2Fv2%2Fproduct_tag&post=1322"}],"curies":[{"name":"wp","href":"https:\/\/api.w.org\/{rel}","templated":true}]}}