{"id":1268,"date":"2023-09-20T10:03:35","date_gmt":"2023-09-20T13:03:35","guid":{"rendered":"https:\/\/ateliemoldexato.com.br\/?post_type=product&#038;p=1268"},"modified":"2023-10-08T09:25:43","modified_gmt":"2023-10-08T12:25:43","slug":"calca-profissional-masculina","status":"publish","type":"product","link":"https:\/\/ateliemoldexato.com.br\/?product=calca-profissional-masculina","title":{"rendered":"Cal\u00e7a Profissional Masculina"},"content":{"rendered":"<p><strong>Molde de cal\u00e7a profissional masculina, c\u00f3s el\u00e1stico, bolsos frente e costas.<\/strong><\/p>\n<p><strong>Tecido: 1,50m algod\u00e3o ou brim leve.<\/strong><\/p>\n","protected":false},"excerpt":{"rendered":"<p><strong>Molde de cal\u00e7a profissional masculina, c\u00f3s el\u00e1stico, bolsos frente e costas.<\/strong><\/p>\n<p><strong>Tecido: 1,50m algod\u00e3o ou brim leve.<\/strong><\/p>\n","protected":false},"featured_media":1263,"comment_status":"open","ping_status":"closed","template":"","meta":[],"product_cat":[28],"product_tag":[],"_links":{"self":[{"href":"https:\/\/ateliemoldexato.com.br\/index.php?rest_route=\/wp\/v2\/product\/1268"}],"collection":[{"href":"https:\/\/ateliemoldexato.com.br\/index.php?rest_route=\/wp\/v2\/product"}],"about":[{"href":"https:\/\/ateliemoldexato.com.br\/index.php?rest_route=\/wp\/v2\/types\/product"}],"replies":[{"embeddable":true,"href":"https:\/\/ateliemoldexato.com.br\/index.php?rest_route=%2Fwp%2Fv2%2Fcomments&post=1268"}],"wp:featuredmedia":[{"embeddable":true,"href":"https:\/\/ateliemoldexato.com.br\/index.php?rest_route=\/wp\/v2\/media\/1263"}],"wp:attachment":[{"href":"https:\/\/ateliemoldexato.com.br\/index.php?rest_route=%2Fwp%2Fv2%2Fmedia&parent=1268"}],"wp:term":[{"taxonomy":"product_cat","embeddable":true,"href":"https:\/\/ateliemoldexato.com.br\/index.php?rest_route=%2Fwp%2Fv2%2Fproduct_cat&post=1268"},{"taxonomy":"product_tag","embeddable":true,"href":"https:\/\/ateliemoldexato.com.br\/index.php?rest_route=%2Fwp%2Fv2%2Fproduct_tag&post=1268"}],"curies":[{"name":"wp","href":"https:\/\/api.w.org\/{rel}","templated":true}]}}