{"id":1217,"date":"2023-09-16T17:45:55","date_gmt":"2023-09-16T20:45:55","guid":{"rendered":"https:\/\/ateliemoldexato.com.br\/?post_type=product&#038;p=1217"},"modified":"2023-10-08T09:27:04","modified_gmt":"2023-10-08T12:27:04","slug":"calca-pantacurt","status":"publish","type":"product","link":"https:\/\/ateliemoldexato.com.br\/?product=calca-pantacurt","title":{"rendered":"Cal\u00e7a Pantacurt"},"content":{"rendered":"<p><strong>Molde de cal\u00e7a pantacurt adulto, bolso faca e z\u00edper na lateral.<\/strong><\/p>\n<p><strong>Tecido: 1,30m viscose, viscolinho,linho leve,algod\u00e3o leve ou poli\u00e9ster leve.<\/strong><\/p>\n<p><strong>Aviamentos: 1 z\u00edper de 25cm \/ 20 cm de entretela adesiva.<\/strong><\/p>\n","protected":false},"excerpt":{"rendered":"<p><strong>Molde de cal\u00e7a pantacurt adulto, bolso faca e z\u00edper na lateral.<\/strong><\/p>\n<p><strong>Tecido: 1,30m viscose, viscolinho,linho leve,algod\u00e3o leve ou poli\u00e9ster leve.<\/strong><\/p>\n<p><strong>Aviamentos: 1 z\u00edper de 25cm \/ 20 cm de entretela adesiva.<\/strong><\/p>\n","protected":false},"featured_media":1212,"comment_status":"open","ping_status":"closed","template":"","meta":[],"product_cat":[52,19],"product_tag":[],"_links":{"self":[{"href":"https:\/\/ateliemoldexato.com.br\/index.php?rest_route=\/wp\/v2\/product\/1217"}],"collection":[{"href":"https:\/\/ateliemoldexato.com.br\/index.php?rest_route=\/wp\/v2\/product"}],"about":[{"href":"https:\/\/ateliemoldexato.com.br\/index.php?rest_route=\/wp\/v2\/types\/product"}],"replies":[{"embeddable":true,"href":"https:\/\/ateliemoldexato.com.br\/index.php?rest_route=%2Fwp%2Fv2%2Fcomments&post=1217"}],"wp:featuredmedia":[{"embeddable":true,"href":"https:\/\/ateliemoldexato.com.br\/index.php?rest_route=\/wp\/v2\/media\/1212"}],"wp:attachment":[{"href":"https:\/\/ateliemoldexato.com.br\/index.php?rest_route=%2Fwp%2Fv2%2Fmedia&parent=1217"}],"wp:term":[{"taxonomy":"product_cat","embeddable":true,"href":"https:\/\/ateliemoldexato.com.br\/index.php?rest_route=%2Fwp%2Fv2%2Fproduct_cat&post=1217"},{"taxonomy":"product_tag","embeddable":true,"href":"https:\/\/ateliemoldexato.com.br\/index.php?rest_route=%2Fwp%2Fv2%2Fproduct_tag&post=1217"}],"curies":[{"name":"wp","href":"https:\/\/api.w.org\/{rel}","templated":true}]}}