{"id":1155,"date":"2023-09-16T09:58:24","date_gmt":"2023-09-16T12:58:24","guid":{"rendered":"https:\/\/ateliemoldexato.com.br\/?post_type=product&#038;p=1155"},"modified":"2023-09-23T09:44:57","modified_gmt":"2023-09-23T12:44:57","slug":"vestido-infantil-alcas-de-amarrar","status":"publish","type":"product","link":"https:\/\/ateliemoldexato.com.br\/?product=vestido-infantil-alcas-de-amarrar","title":{"rendered":"Vestido Infantil Al\u00e7as de Amarrar"},"content":{"rendered":"<p><strong>Molde de vestido infantil al\u00e7as de amarrar e manguinha babado com el\u00e1stico ombro.<\/strong><\/p>\n<p><strong>Tecido: 1 metro (p\/tam. 4) viscose ou algod\u00e3o leve.<\/strong><\/p>\n<p><strong>Aviamentos: 30cm de el\u00e1stico de 1,5cm.<\/strong><\/p>\n<p><a href=\"https:\/\/www.instagram.com\/p\/CxL8TegO2ud\/?igshid=MzRlODBiNWFlZA==\" target=\"_blank\" rel=\"noopener\"><strong>Veja a pe\u00e7a real aqui.<\/strong><\/a><\/p>\n","protected":false},"excerpt":{"rendered":"<p><strong>Molde de vestido infantil al\u00e7as de amarrar e manguinha babado com el\u00e1stico ombro.<\/strong><\/p>\n<p><strong>Tecido: 1 metro (p\/tam. 4) viscose ou algod\u00e3o leve.<\/strong><\/p>\n<p><strong>Aviamentos: 30cm de el\u00e1stico de 1,5cm.<\/strong><\/p>\n","protected":false},"featured_media":1151,"comment_status":"open","ping_status":"closed","template":"","meta":[],"product_cat":[27],"product_tag":[],"_links":{"self":[{"href":"https:\/\/ateliemoldexato.com.br\/index.php?rest_route=\/wp\/v2\/product\/1155"}],"collection":[{"href":"https:\/\/ateliemoldexato.com.br\/index.php?rest_route=\/wp\/v2\/product"}],"about":[{"href":"https:\/\/ateliemoldexato.com.br\/index.php?rest_route=\/wp\/v2\/types\/product"}],"replies":[{"embeddable":true,"href":"https:\/\/ateliemoldexato.com.br\/index.php?rest_route=%2Fwp%2Fv2%2Fcomments&post=1155"}],"wp:featuredmedia":[{"embeddable":true,"href":"https:\/\/ateliemoldexato.com.br\/index.php?rest_route=\/wp\/v2\/media\/1151"}],"wp:attachment":[{"href":"https:\/\/ateliemoldexato.com.br\/index.php?rest_route=%2Fwp%2Fv2%2Fmedia&parent=1155"}],"wp:term":[{"taxonomy":"product_cat","embeddable":true,"href":"https:\/\/ateliemoldexato.com.br\/index.php?rest_route=%2Fwp%2Fv2%2Fproduct_cat&post=1155"},{"taxonomy":"product_tag","embeddable":true,"href":"https:\/\/ateliemoldexato.com.br\/index.php?rest_route=%2Fwp%2Fv2%2Fproduct_tag&post=1155"}],"curies":[{"name":"wp","href":"https:\/\/api.w.org\/{rel}","templated":true}]}}