{"id":66,"date":"2023-02-25T12:12:08","date_gmt":"2023-02-25T15:12:08","guid":{"rendered":"http:\/\/ateliemoldexato.com.br\/MoldeExato\/?page_id=66"},"modified":"2023-03-11T17:53:55","modified_gmt":"2023-03-11T20:53:55","slug":"informacoes","status":"publish","type":"page","link":"https:\/\/ateliemoldexato.com.br\/?page_id=66","title":{"rendered":"Informa\u00e7\u00f5es"},"content":{"rendered":"\t\t<div data-elementor-type=\"wp-page\" data-elementor-id=\"66\" class=\"elementor elementor-66\">\n\t\t\t\t\t\t<section class=\"elementor-section elementor-top-section elementor-element elementor-element-32e3b67 elementor-section-boxed elementor-section-height-default elementor-section-height-default\" data-id=\"32e3b67\" data-element_type=\"section\">\n\t\t\t\t\t\t<div class=\"elementor-container elementor-column-gap-default\">\n\t\t\t\t\t<div class=\"elementor-column elementor-col-100 elementor-top-column elementor-element elementor-element-9a63b93\" data-id=\"9a63b93\" data-element_type=\"column\">\n\t\t\t<div class=\"elementor-widget-wrap elementor-element-populated\">\n\t\t\t\t\t\t<div class=\"elementor-element elementor-element-3a3566c elementor-widget elementor-widget-heading\" data-id=\"3a3566c\" data-element_type=\"widget\" data-widget_type=\"heading.default\">\n\t\t\t\t<div class=\"elementor-widget-container\">\n\t\t\t<h2 class=\"elementor-heading-title elementor-size-default\">Quem somos?<\/h2>\t\t<\/div>\n\t\t\t\t<\/div>\n\t\t\t\t\t<\/div>\n\t\t<\/div>\n\t\t\t\t\t<\/div>\n\t\t<\/section>\n\t\t\t\t<section class=\"elementor-section elementor-top-section elementor-element elementor-element-9964409 elementor-section-boxed elementor-section-height-default elementor-section-height-default\" data-id=\"9964409\" data-element_type=\"section\">\n\t\t\t\t\t\t<div class=\"elementor-container elementor-column-gap-default\">\n\t\t\t\t\t<div class=\"elementor-column elementor-col-100 elementor-top-column elementor-element elementor-element-bc20eca\" data-id=\"bc20eca\" data-element_type=\"column\">\n\t\t\t<div class=\"elementor-widget-wrap elementor-element-populated\">\n\t\t\t\t\t\t<div class=\"elementor-element elementor-element-a708482 elementor-widget elementor-widget-text-editor\" data-id=\"a708482\" data-element_type=\"widget\" data-widget_type=\"text-editor.default\">\n\t\t\t\t<div class=\"elementor-widget-container\">\n\t\t\t\t\t\t\t<p>Desde o ano 2000, o Ateli\u00ea Molde Exato tem se destacado no mercado de moda pela excel\u00eancia em suas modelagens. Cada pe\u00e7a \u00e9 cuidadosamente projetada com as medidas exatas, proporcionando um caimento impec\u00e1vel e elegante, ao mesmo tempo em que evita perdas desnecess\u00e1rias de tecido. Nossa principal preocupa\u00e7\u00e3o \u00e9 a satisfa\u00e7\u00e3o dos nossos clientes com o caimento e vestibilidade das pe\u00e7as, por isso, indicamos a correta verifica\u00e7\u00e3o das medidas consultando nossa tabela.<\/p><p>Estamos sempre buscando oferecer o melhor para nossos clientes e, para isso, disponibilizamos um canal de suporte atrav\u00e9s do Whatsapp, com agendamento pr\u00e9vio. Al\u00e9m disso, incentivamos a inscri\u00e7\u00e3o em nosso canal no Youtube, onde postamos as melhores dicas de costura para ajudar nossos clientes a criar pe\u00e7as ainda mais incr\u00edveis.<\/p><p>Agradecemos sua compra e esperamos v\u00ea-lo novamente em breve. Boas compras!<\/p>\t\t\t\t\t\t<\/div>\n\t\t\t\t<\/div>\n\t\t\t\t\t<\/div>\n\t\t<\/div>\n\t\t\t\t\t<\/div>\n\t\t<\/section>\n\t\t\t\t<\/div>\n\t\t","protected":false},"excerpt":{"rendered":"<p>Quem somos? Desde o ano 2000, o Ateli\u00ea Molde Exato tem se destacado no mercado de moda pela excel\u00eancia em suas modelagens. Cada pe\u00e7a \u00e9 cuidadosamente projetada com as medidas exatas, proporcionando um caimento impec\u00e1vel e elegante, ao mesmo tempo em que evita perdas desnecess\u00e1rias de tecido. Nossa principal preocupa\u00e7\u00e3o \u00e9 a satisfa\u00e7\u00e3o dos nossos clientes com o caimento e vestibilidade das pe\u00e7as, por isso, indicamos a correta verifica\u00e7\u00e3o das medidas consultando nossa tabela. Estamos sempre buscando oferecer o melhor para nossos clientes e, para isso, disponibilizamos um canal de suporte atrav\u00e9s do Whatsapp, com agendamento pr\u00e9vio. Al\u00e9m disso, incentivamos a inscri\u00e7\u00e3o em nosso canal no Youtube, onde postamos as melhores dicas de costura para ajudar nossos clientes a criar pe\u00e7as ainda mais incr\u00edveis. Agradecemos sua compra e esperamos v\u00ea-lo novamente em breve. Boas compras!<\/p>\n","protected":false},"author":1,"featured_media":0,"parent":0,"menu_order":1,"comment_status":"closed","ping_status":"closed","template":"","meta":{"footnotes":""},"_links":{"self":[{"href":"https:\/\/ateliemoldexato.com.br\/index.php?rest_route=\/wp\/v2\/pages\/66"}],"collection":[{"href":"https:\/\/ateliemoldexato.com.br\/index.php?rest_route=\/wp\/v2\/pages"}],"about":[{"href":"https:\/\/ateliemoldexato.com.br\/index.php?rest_route=\/wp\/v2\/types\/page"}],"author":[{"embeddable":true,"href":"https:\/\/ateliemoldexato.com.br\/index.php?rest_route=\/wp\/v2\/users\/1"}],"replies":[{"embeddable":true,"href":"https:\/\/ateliemoldexato.com.br\/index.php?rest_route=%2Fwp%2Fv2%2Fcomments&post=66"}],"version-history":[{"count":49,"href":"https:\/\/ateliemoldexato.com.br\/index.php?rest_route=\/wp\/v2\/pages\/66\/revisions"}],"predecessor-version":[{"id":483,"href":"https:\/\/ateliemoldexato.com.br\/index.php?rest_route=\/wp\/v2\/pages\/66\/revisions\/483"}],"wp:attachment":[{"href":"https:\/\/ateliemoldexato.com.br\/index.php?rest_route=%2Fwp%2Fv2%2Fmedia&parent=66"}],"curies":[{"name":"wp","href":"https:\/\/api.w.org\/{rel}","templated":true}]}}