{"id":535,"date":"2023-03-25T16:08:54","date_gmt":"2023-03-25T19:08:54","guid":{"rendered":"http:\/\/ateliemoldexato.com.br\/MoldeExato\/?page_id=535"},"modified":"2023-08-15T20:03:54","modified_gmt":"2023-08-15T23:03:54","slug":"tabelas-de-medidas","status":"publish","type":"page","link":"https:\/\/ateliemoldexato.com.br\/?page_id=535","title":{"rendered":"Tabelas de Medidas"},"content":{"rendered":"\t\t<div data-elementor-type=\"wp-page\" data-elementor-id=\"535\" class=\"elementor elementor-535\">\n\t\t\t\t\t\t<section class=\"elementor-section elementor-top-section elementor-element elementor-element-88a5730 elementor-section-boxed elementor-section-height-default elementor-section-height-default\" data-id=\"88a5730\" data-element_type=\"section\">\n\t\t\t\t\t\t<div class=\"elementor-container elementor-column-gap-default\">\n\t\t\t\t\t<div class=\"elementor-column elementor-col-100 elementor-top-column elementor-element elementor-element-a6a4129\" data-id=\"a6a4129\" data-element_type=\"column\">\n\t\t\t<div class=\"elementor-widget-wrap elementor-element-populated\">\n\t\t\t\t\t\t<div class=\"elementor-element elementor-element-2d9de27 elementor-widget elementor-widget-heading\" data-id=\"2d9de27\" data-element_type=\"widget\" data-widget_type=\"heading.default\">\n\t\t\t\t<div class=\"elementor-widget-container\">\n\t\t\t<h2 class=\"elementor-heading-title elementor-size-default\">Tabelas de Medidas<\/h2>\t\t<\/div>\n\t\t\t\t<\/div>\n\t\t\t\t\t<\/div>\n\t\t<\/div>\n\t\t\t\t\t<\/div>\n\t\t<\/section>\n\t\t\t\t<section class=\"elementor-section elementor-top-section elementor-element elementor-element-f56d952 elementor-section-boxed elementor-section-height-default elementor-section-height-default\" data-id=\"f56d952\" data-element_type=\"section\">\n\t\t\t\t\t\t<div class=\"elementor-container elementor-column-gap-default\">\n\t\t\t\t\t<div class=\"elementor-column elementor-col-100 elementor-top-column elementor-element elementor-element-1e10643\" data-id=\"1e10643\" data-element_type=\"column\">\n\t\t\t<div class=\"elementor-widget-wrap elementor-element-populated\">\n\t\t\t\t\t\t<div class=\"elementor-element elementor-element-6503ac0 elementor-widget elementor-widget-text-editor\" data-id=\"6503ac0\" data-element_type=\"widget\" data-widget_type=\"text-editor.default\">\n\t\t\t\t<div class=\"elementor-widget-container\">\n\t\t\t\t\t\t\t<p>Escolher a roupa certa pode ser um desafio, mas nossa tabela de tamanhos de roupa est\u00e1 aqui para ajudar. Com medidas precisas e refer\u00eancias \u00fateis, voc\u00ea pode encontrar o tamanho perfeito para garantir o ajuste ideal em todas as pe\u00e7as do seu guarda-roupa. N\u00e3o deixe que a confus\u00e3o do tamanho das roupas estrague sua pr\u00f3xima compra. Confira nossa tabela de tamanhos de roupa e escolha o seu molde no tamanho certo hoje mesmo.<\/p>\t\t\t\t\t\t<\/div>\n\t\t\t\t<\/div>\n\t\t\t\t\t<\/div>\n\t\t<\/div>\n\t\t\t\t\t<\/div>\n\t\t<\/section>\n\t\t\t\t<section class=\"elementor-section elementor-top-section elementor-element elementor-element-1753545 elementor-section-boxed elementor-section-height-default elementor-section-height-default\" data-id=\"1753545\" data-element_type=\"section\">\n\t\t\t\t\t\t<div class=\"elementor-container elementor-column-gap-default\">\n\t\t\t\t\t<div class=\"elementor-column elementor-col-100 elementor-top-column elementor-element elementor-element-a45dd94\" data-id=\"a45dd94\" data-element_type=\"column\">\n\t\t\t<div class=\"elementor-widget-wrap elementor-element-populated\">\n\t\t\t\t\t\t<div class=\"elementor-element elementor-element-57491f3 elementor-widget elementor-widget-heading\" data-id=\"57491f3\" data-element_type=\"widget\" data-widget_type=\"heading.default\">\n\t\t\t\t<div class=\"elementor-widget-container\">\n\t\t\t<h3 class=\"elementor-heading-title elementor-size-default\">Feminino<\/h3>\t\t<\/div>\n\t\t\t\t<\/div>\n\t\t\t\t\t<\/div>\n\t\t<\/div>\n\t\t\t\t\t<\/div>\n\t\t<\/section>\n\t\t\t\t<section class=\"elementor-section elementor-top-section elementor-element elementor-element-8943d6f elementor-section-boxed elementor-section-height-default elementor-section-height-default\" data-id=\"8943d6f\" data-element_type=\"section\">\n\t\t\t\t\t\t<div class=\"elementor-container elementor-column-gap-default\">\n\t\t\t\t\t<div class=\"elementor-column elementor-col-50 elementor-top-column elementor-element elementor-element-bbea848\" data-id=\"bbea848\" data-element_type=\"column\">\n\t\t\t<div class=\"elementor-widget-wrap elementor-element-populated\">\n\t\t\t\t\t\t<div class=\"elementor-element elementor-element-0d55a6d elementor-widget elementor-widget-image\" data-id=\"0d55a6d\" data-element_type=\"widget\" data-widget_type=\"image.default\">\n\t\t\t\t<div class=\"elementor-widget-container\">\n\t\t\t\t\t\t\t\t\t\t\t\t\t<img fetchpriority=\"high\" decoding=\"async\" width=\"960\" height=\"226\" src=\"https:\/\/ateliemoldexato.com.br\/wp-content\/uploads\/2023\/08\/tabela_feminino-1024x241.jpg\" class=\"attachment-large size-large wp-image-648\" alt=\"\" srcset=\"https:\/\/ateliemoldexato.com.br\/wp-content\/uploads\/2023\/08\/tabela_feminino-1024x241.jpg 1024w, https:\/\/ateliemoldexato.com.br\/wp-content\/uploads\/2023\/08\/tabela_feminino-300x71.jpg 300w, https:\/\/ateliemoldexato.com.br\/wp-content\/uploads\/2023\/08\/tabela_feminino-768x181.jpg 768w, https:\/\/ateliemoldexato.com.br\/wp-content\/uploads\/2023\/08\/tabela_feminino-1140x268.jpg 1140w, https:\/\/ateliemoldexato.com.br\/wp-content\/uploads\/2023\/08\/tabela_feminino-600x141.jpg 600w, https:\/\/ateliemoldexato.com.br\/wp-content\/uploads\/2023\/08\/tabela_feminino.jpg 1449w\" sizes=\"(max-width: 960px) 100vw, 960px\" \/>\t\t\t\t\t\t\t\t\t\t\t\t\t<\/div>\n\t\t\t\t<\/div>\n\t\t\t\t\t<\/div>\n\t\t<\/div>\n\t\t\t\t<div class=\"elementor-column elementor-col-50 elementor-top-column elementor-element elementor-element-6ecc38a\" data-id=\"6ecc38a\" data-element_type=\"column\">\n\t\t\t<div class=\"elementor-widget-wrap elementor-element-populated\">\n\t\t\t\t\t\t<div class=\"elementor-element elementor-element-cd1517c elementor-widget elementor-widget-image\" data-id=\"cd1517c\" data-element_type=\"widget\" data-widget_type=\"image.default\">\n\t\t\t\t<div class=\"elementor-widget-container\">\n\t\t\t\t\t\t\t\t\t\t\t\t\t<img decoding=\"async\" width=\"768\" height=\"738\" src=\"https:\/\/ateliemoldexato.com.br\/wp-content\/uploads\/2023\/03\/medidas_v2-scaled.jpg\" class=\"attachment-medium_large size-medium_large wp-image-558\" alt=\"\" \/>\t\t\t\t\t\t\t\t\t\t\t\t\t<\/div>\n\t\t\t\t<\/div>\n\t\t\t\t\t<\/div>\n\t\t<\/div>\n\t\t\t\t\t<\/div>\n\t\t<\/section>\n\t\t\t\t<section class=\"elementor-section elementor-top-section elementor-element elementor-element-e64ab97 elementor-section-boxed elementor-section-height-default elementor-section-height-default\" data-id=\"e64ab97\" data-element_type=\"section\">\n\t\t\t\t\t\t<div class=\"elementor-container elementor-column-gap-default\">\n\t\t\t\t\t<div class=\"elementor-column elementor-col-100 elementor-top-column elementor-element elementor-element-f3ba502\" data-id=\"f3ba502\" data-element_type=\"column\">\n\t\t\t<div class=\"elementor-widget-wrap elementor-element-populated\">\n\t\t\t\t\t\t<div class=\"elementor-element elementor-element-1277946 elementor-widget elementor-widget-heading\" data-id=\"1277946\" data-element_type=\"widget\" data-widget_type=\"heading.default\">\n\t\t\t\t<div class=\"elementor-widget-container\">\n\t\t\t<h3 class=\"elementor-heading-title elementor-size-default\">Masculino<\/h3>\t\t<\/div>\n\t\t\t\t<\/div>\n\t\t\t\t\t<\/div>\n\t\t<\/div>\n\t\t\t\t\t<\/div>\n\t\t<\/section>\n\t\t\t\t<section class=\"elementor-section elementor-top-section elementor-element elementor-element-97cb249 elementor-section-boxed elementor-section-height-default elementor-section-height-default\" data-id=\"97cb249\" data-element_type=\"section\">\n\t\t\t\t\t\t<div class=\"elementor-container elementor-column-gap-default\">\n\t\t\t\t\t<div class=\"elementor-column elementor-col-50 elementor-top-column elementor-element elementor-element-b4cd353\" data-id=\"b4cd353\" data-element_type=\"column\">\n\t\t\t<div class=\"elementor-widget-wrap elementor-element-populated\">\n\t\t\t\t\t\t<div class=\"elementor-element elementor-element-d5a921b elementor-widget elementor-widget-image\" data-id=\"d5a921b\" data-element_type=\"widget\" data-widget_type=\"image.default\">\n\t\t\t\t<div class=\"elementor-widget-container\">\n\t\t\t\t\t\t\t\t\t\t\t\t\t<img decoding=\"async\" width=\"960\" height=\"225\" src=\"https:\/\/ateliemoldexato.com.br\/wp-content\/uploads\/2023\/08\/tabela_masculino-1024x240.jpg\" class=\"attachment-large size-large wp-image-647\" alt=\"\" srcset=\"https:\/\/ateliemoldexato.com.br\/wp-content\/uploads\/2023\/08\/tabela_masculino-1024x240.jpg 1024w, https:\/\/ateliemoldexato.com.br\/wp-content\/uploads\/2023\/08\/tabela_masculino-300x70.jpg 300w, https:\/\/ateliemoldexato.com.br\/wp-content\/uploads\/2023\/08\/tabela_masculino-768x180.jpg 768w, https:\/\/ateliemoldexato.com.br\/wp-content\/uploads\/2023\/08\/tabela_masculino-1140x267.jpg 1140w, https:\/\/ateliemoldexato.com.br\/wp-content\/uploads\/2023\/08\/tabela_masculino-600x140.jpg 600w, https:\/\/ateliemoldexato.com.br\/wp-content\/uploads\/2023\/08\/tabela_masculino.jpg 1448w\" sizes=\"(max-width: 960px) 100vw, 960px\" \/>\t\t\t\t\t\t\t\t\t\t\t\t\t<\/div>\n\t\t\t\t<\/div>\n\t\t\t\t\t<\/div>\n\t\t<\/div>\n\t\t\t\t<div class=\"elementor-column elementor-col-50 elementor-top-column elementor-element elementor-element-fafbcda\" data-id=\"fafbcda\" data-element_type=\"column\">\n\t\t\t<div class=\"elementor-widget-wrap elementor-element-populated\">\n\t\t\t\t\t\t<div class=\"elementor-element elementor-element-8bc50af e-transform elementor-widget elementor-widget-image\" data-id=\"8bc50af\" data-element_type=\"widget\" data-settings=\"{&quot;_transform_scaleX_effect&quot;:{&quot;unit&quot;:&quot;px&quot;,&quot;size&quot;:&quot;&quot;,&quot;sizes&quot;:[]},&quot;_transform_scaleX_effect_tablet&quot;:{&quot;unit&quot;:&quot;px&quot;,&quot;size&quot;:&quot;&quot;,&quot;sizes&quot;:[]},&quot;_transform_scaleX_effect_mobile&quot;:{&quot;unit&quot;:&quot;px&quot;,&quot;size&quot;:&quot;&quot;,&quot;sizes&quot;:[]},&quot;_transform_scaleY_effect&quot;:{&quot;unit&quot;:&quot;px&quot;,&quot;size&quot;:&quot;&quot;,&quot;sizes&quot;:[]},&quot;_transform_scaleY_effect_tablet&quot;:{&quot;unit&quot;:&quot;px&quot;,&quot;size&quot;:&quot;&quot;,&quot;sizes&quot;:[]},&quot;_transform_scaleY_effect_mobile&quot;:{&quot;unit&quot;:&quot;px&quot;,&quot;size&quot;:&quot;&quot;,&quot;sizes&quot;:[]}}\" data-widget_type=\"image.default\">\n\t\t\t\t<div class=\"elementor-widget-container\">\n\t\t\t\t\t\t\t\t\t\t\t\t\t<img loading=\"lazy\" decoding=\"async\" width=\"410\" height=\"743\" src=\"https:\/\/ateliemoldexato.com.br\/wp-content\/uploads\/2023\/08\/medida_masc.jpg\" class=\"attachment-medium_large size-medium_large wp-image-618\" alt=\"\" srcset=\"https:\/\/ateliemoldexato.com.br\/wp-content\/uploads\/2023\/08\/medida_masc.jpg 410w, https:\/\/ateliemoldexato.com.br\/wp-content\/uploads\/2023\/08\/medida_masc-166x300.jpg 166w\" sizes=\"(max-width: 410px) 100vw, 410px\" \/>\t\t\t\t\t\t\t\t\t\t\t\t\t<\/div>\n\t\t\t\t<\/div>\n\t\t\t\t\t<\/div>\n\t\t<\/div>\n\t\t\t\t\t<\/div>\n\t\t<\/section>\n\t\t\t\t<section class=\"elementor-section elementor-top-section elementor-element elementor-element-3252bfe elementor-section-boxed elementor-section-height-default elementor-section-height-default\" data-id=\"3252bfe\" data-element_type=\"section\">\n\t\t\t\t\t\t<div class=\"elementor-container elementor-column-gap-default\">\n\t\t\t\t\t<div class=\"elementor-column elementor-col-100 elementor-top-column elementor-element elementor-element-a4abda3\" data-id=\"a4abda3\" data-element_type=\"column\">\n\t\t\t<div class=\"elementor-widget-wrap elementor-element-populated\">\n\t\t\t\t\t\t<div class=\"elementor-element elementor-element-a8f9c07 elementor-widget elementor-widget-heading\" data-id=\"a8f9c07\" data-element_type=\"widget\" data-widget_type=\"heading.default\">\n\t\t\t\t<div class=\"elementor-widget-container\">\n\t\t\t<h3 class=\"elementor-heading-title elementor-size-default\">Infantil<\/h3>\t\t<\/div>\n\t\t\t\t<\/div>\n\t\t\t\t\t<\/div>\n\t\t<\/div>\n\t\t\t\t\t<\/div>\n\t\t<\/section>\n\t\t\t\t<section class=\"elementor-section elementor-top-section elementor-element elementor-element-05114e8 elementor-section-boxed elementor-section-height-default elementor-section-height-default\" data-id=\"05114e8\" data-element_type=\"section\">\n\t\t\t\t\t\t<div class=\"elementor-container elementor-column-gap-default\">\n\t\t\t\t\t<div class=\"elementor-column elementor-col-50 elementor-top-column elementor-element elementor-element-372df3d\" data-id=\"372df3d\" data-element_type=\"column\">\n\t\t\t<div class=\"elementor-widget-wrap elementor-element-populated\">\n\t\t\t\t\t\t<div class=\"elementor-element elementor-element-a95eebf elementor-widget elementor-widget-image\" data-id=\"a95eebf\" data-element_type=\"widget\" data-widget_type=\"image.default\">\n\t\t\t\t<div class=\"elementor-widget-container\">\n\t\t\t\t\t\t\t\t\t\t\t\t\t<img loading=\"lazy\" decoding=\"async\" width=\"960\" height=\"224\" src=\"https:\/\/ateliemoldexato.com.br\/wp-content\/uploads\/2023\/08\/tabela_infantil-1024x239.jpg\" class=\"attachment-large size-large wp-image-646\" alt=\"\" srcset=\"https:\/\/ateliemoldexato.com.br\/wp-content\/uploads\/2023\/08\/tabela_infantil-1024x239.jpg 1024w, https:\/\/ateliemoldexato.com.br\/wp-content\/uploads\/2023\/08\/tabela_infantil-300x70.jpg 300w, https:\/\/ateliemoldexato.com.br\/wp-content\/uploads\/2023\/08\/tabela_infantil-768x179.jpg 768w, https:\/\/ateliemoldexato.com.br\/wp-content\/uploads\/2023\/08\/tabela_infantil-1140x266.jpg 1140w, https:\/\/ateliemoldexato.com.br\/wp-content\/uploads\/2023\/08\/tabela_infantil-600x140.jpg 600w, https:\/\/ateliemoldexato.com.br\/wp-content\/uploads\/2023\/08\/tabela_infantil.jpg 1451w\" sizes=\"(max-width: 960px) 100vw, 960px\" \/>\t\t\t\t\t\t\t\t\t\t\t\t\t<\/div>\n\t\t\t\t<\/div>\n\t\t\t\t\t<\/div>\n\t\t<\/div>\n\t\t\t\t<div class=\"elementor-column elementor-col-50 elementor-top-column elementor-element elementor-element-fbadb87\" data-id=\"fbadb87\" data-element_type=\"column\">\n\t\t\t<div class=\"elementor-widget-wrap elementor-element-populated\">\n\t\t\t\t\t\t<div class=\"elementor-element elementor-element-b7b6ee8 elementor-widget elementor-widget-image\" data-id=\"b7b6ee8\" data-element_type=\"widget\" data-widget_type=\"image.default\">\n\t\t\t\t<div class=\"elementor-widget-container\">\n\t\t\t\t\t\t\t\t\t\t\t\t\t<img loading=\"lazy\" decoding=\"async\" width=\"393\" height=\"564\" src=\"https:\/\/ateliemoldexato.com.br\/wp-content\/uploads\/2023\/08\/medida_inf-01.jpg\" class=\"attachment-large size-large wp-image-617\" alt=\"\" srcset=\"https:\/\/ateliemoldexato.com.br\/wp-content\/uploads\/2023\/08\/medida_inf-01.jpg 393w, https:\/\/ateliemoldexato.com.br\/wp-content\/uploads\/2023\/08\/medida_inf-01-209x300.jpg 209w\" sizes=\"(max-width: 393px) 100vw, 393px\" \/>\t\t\t\t\t\t\t\t\t\t\t\t\t<\/div>\n\t\t\t\t<\/div>\n\t\t\t\t\t<\/div>\n\t\t<\/div>\n\t\t\t\t\t<\/div>\n\t\t<\/section>\n\t\t\t\t<\/div>\n\t\t","protected":false},"excerpt":{"rendered":"<p>Tabelas de Medidas Escolher a roupa certa pode ser um desafio, mas nossa tabela de tamanhos de roupa est\u00e1 aqui para ajudar. Com medidas precisas e refer\u00eancias \u00fateis, voc\u00ea pode encontrar o tamanho perfeito para garantir o ajuste ideal em todas as pe\u00e7as do seu guarda-roupa. N\u00e3o deixe que a confus\u00e3o do tamanho das roupas estrague sua pr\u00f3xima compra. Confira nossa tabela de tamanhos de roupa e escolha o seu molde no tamanho certo hoje mesmo. Feminino Masculino Infantil<\/p>\n","protected":false},"author":1,"featured_media":0,"parent":0,"menu_order":0,"comment_status":"closed","ping_status":"closed","template":"","meta":{"footnotes":""},"_links":{"self":[{"href":"https:\/\/ateliemoldexato.com.br\/index.php?rest_route=\/wp\/v2\/pages\/535"}],"collection":[{"href":"https:\/\/ateliemoldexato.com.br\/index.php?rest_route=\/wp\/v2\/pages"}],"about":[{"href":"https:\/\/ateliemoldexato.com.br\/index.php?rest_route=\/wp\/v2\/types\/page"}],"author":[{"embeddable":true,"href":"https:\/\/ateliemoldexato.com.br\/index.php?rest_route=\/wp\/v2\/users\/1"}],"replies":[{"embeddable":true,"href":"https:\/\/ateliemoldexato.com.br\/index.php?rest_route=%2Fwp%2Fv2%2Fcomments&post=535"}],"version-history":[{"count":22,"href":"https:\/\/ateliemoldexato.com.br\/index.php?rest_route=\/wp\/v2\/pages\/535\/revisions"}],"predecessor-version":[{"id":651,"href":"https:\/\/ateliemoldexato.com.br\/index.php?rest_route=\/wp\/v2\/pages\/535\/revisions\/651"}],"wp:attachment":[{"href":"https:\/\/ateliemoldexato.com.br\/index.php?rest_route=%2Fwp%2Fv2%2Fmedia&parent=535"}],"curies":[{"name":"wp","href":"https:\/\/api.w.org\/{rel}","templated":true}]}}